{"id":6571,"date":"2025-02-24T17:59:37","date_gmt":"2025-02-24T15:59:37","guid":{"rendered":"https:\/\/ates.consulting\/?page_id=6571"},"modified":"2025-02-25T18:28:55","modified_gmt":"2025-02-25T16:28:55","slug":"kurztest","status":"publish","type":"page","link":"https:\/\/ates.consulting\/de\/kurztest\/","title":{"rendered":"Kurztest"},"content":{"rendered":"\t\t<div data-elementor-type=\"wp-page\" data-elementor-id=\"6571\" class=\"elementor elementor-6571\" data-elementor-post-type=\"page\">\n\t\t\t\t<div class=\"elementor-element elementor-element-f20ad97 e-flex e-con-boxed e-con e-parent\" data-id=\"f20ad97\" data-element_type=\"container\">\n\t\t\t\t\t<div class=\"e-con-inner\">\n\t\t\t\t<div class=\"elementor-element elementor-element-b7edd13 elementor-widget elementor-widget-heading\" data-id=\"b7edd13\" data-element_type=\"widget\" data-widget_type=\"heading.default\">\n\t\t\t\t<div class=\"elementor-widget-container\">\n\t\t\t<h2 class=\"elementor-heading-title elementor-size-default\">Working Spirit\u00ae Kurztest<\/h2>\t\t<\/div>\n\t\t\t\t<\/div>\n\t\t\t\t<div class=\"elementor-element elementor-element-5fb376e elementor-widget elementor-widget-text-editor\" data-id=\"5fb376e\" data-element_type=\"widget\" data-widget_type=\"text-editor.default\">\n\t\t\t\t<div class=\"elementor-widget-container\">\n\t\t\t\t\t\t\t<p class=\"p1\">Dieses kurze Quiz mit 17 Fragen gibt Ihnen einen ersten Einblick in Ihre aktuellen Leistungsfaktoren und das Zusammenspiel Ihrer individuellen St\u00e4rken. Es gibt keine richtigen oder falschen Antworten \u2013 z\u00e4hlen Sie auf Ihre Intuition und antworten Sie ehrlich, um eine aussagekr\u00e4ftige Selbsteinsch\u00e4tzung zu erhalten.<\/p><p class=\"p1\">Legen Sie direkt los und erfahren Sie mehr \u00fcber Ihre Performance!<\/p>\t\t\t\t\t\t<\/div>\n\t\t\t\t<\/div>\n\t\t\t\t\t<\/div>\n\t\t\t\t<\/div>\n\t\t<div class=\"elementor-element elementor-element-a15dcf9 e-flex e-con-boxed e-con e-parent\" data-id=\"a15dcf9\" data-element_type=\"container\">\n\t\t\t\t\t<div class=\"e-con-inner\">\n\t\t\t\t<div class=\"elementor-element elementor-element-9aef1ad elementor-widget elementor-widget-html\" data-id=\"9aef1ad\" data-element_type=\"widget\" data-widget_type=\"html.default\">\n\t\t\t\t<div class=\"elementor-widget-container\">\n\t\t\t\n    <iframe\n      id=\"JotFormIFrame-220052379155048\"\n      title=\"ATES Kurztest\"\n      onload=\"window.parent.scrollTo(0,0)\"\n      allowtransparency=\"true\"\n      allow=\"geolocation; microphone; camera; fullscreen\"\n      src=\"https:\/\/form.jotform.com\/220052379155048\"\n      frameborder=\"0\"\n      style=\"min-width:100%;max-width:100%;height:400px;border:none;\"\n      scrolling=\"no\"\n    >\n    <\/iframe>\n    <script src='https:\/\/cdn.jotfor.ms\/s\/umd\/latest\/for-form-embed-handler.js'><\/script>\n    <script>window.jotformEmbedHandler(\"iframe[id='JotFormIFrame-220052379155048']\", \"https:\/\/form.jotform.com\/\")<\/script>\n    \t\t<\/div>\n\t\t\t\t<\/div>\n\t\t\t\t\t<\/div>\n\t\t\t\t<\/div>\n\t\t<div class=\"elementor-element elementor-element-a4c5218 e-flex e-con-boxed e-con e-parent\" data-id=\"a4c5218\" data-element_type=\"container\" data-settings=\"{&quot;background_background&quot;:&quot;classic&quot;,&quot;animation&quot;:&quot;none&quot;}\">\n\t\t\t\t\t<div class=\"e-con-inner\">\n\t\t<div class=\"elementor-element elementor-element-d24b704 e-con-full animated-fast e-flex elementor-invisible e-con e-child\" data-id=\"d24b704\" data-element_type=\"container\" data-settings=\"{&quot;background_background&quot;:&quot;classic&quot;,&quot;animation&quot;:&quot;fadeIn&quot;}\">\n\t\t\t\t<div class=\"elementor-element elementor-element-f3ba070 elementor-widget elementor-widget-heading\" data-id=\"f3ba070\" data-element_type=\"widget\" data-widget_type=\"heading.default\">\n\t\t\t\t<div class=\"elementor-widget-container\">\n\t\t\t<h3 class=\"elementor-heading-title elementor-size-default\">Bereit, ATES Spirit\u00ae aus erster Hand zu erleben?<\/h3>\t\t<\/div>\n\t\t\t\t<\/div>\n\t\t\t\t<div class=\"elementor-element elementor-element-c564c1c elementor-widget elementor-widget-text-editor\" data-id=\"c564c1c\" data-element_type=\"widget\" data-widget_type=\"text-editor.default\">\n\t\t\t\t<div class=\"elementor-widget-container\">\n\t\t\t\t\t\t\t<p>Vereinbare jetzt deine kostenlose Erstberatung und starte deine Transformation.<\/p>\t\t\t\t\t\t<\/div>\n\t\t\t\t<\/div>\n\t\t\t\t<div class=\"elementor-element elementor-element-b113e90 elementor-widget elementor-widget-button\" data-id=\"b113e90\" data-element_type=\"widget\" data-widget_type=\"button.default\">\n\t\t\t\t<div class=\"elementor-widget-container\">\n\t\t\t\t\t\t\t<div class=\"elementor-button-wrapper\">\n\t\t\t\t\t<a class=\"elementor-button elementor-button-link elementor-size-sm elementor-animation-grow\" href=\"http:\/\/web.ates.consulting\/meetings\/sevgi-ates\/kalender-der-atesianer\">\n\t\t\t\t\t\t<span class=\"elementor-button-content-wrapper\">\n\t\t\t\t\t\t\t\t\t<span class=\"elementor-button-text\">Kontaktiere uns<\/span>\n\t\t\t\t\t<\/span>\n\t\t\t\t\t<\/a>\n\t\t\t\t<\/div>\n\t\t\t\t\t\t<\/div>\n\t\t\t\t<\/div>\n\t\t\t\t<\/div>\n\t\t<div class=\"elementor-element elementor-element-cff5097 e-con-full animated-fast elementor-hidden-mobile e-flex elementor-invisible e-con e-child\" data-id=\"cff5097\" data-element_type=\"container\" data-settings=\"{&quot;background_background&quot;:&quot;classic&quot;,&quot;animation&quot;:&quot;fadeIn&quot;}\">\n\t\t\t\t<\/div>\n\t\t\t\t\t<\/div>\n\t\t\t\t<\/div>\n\t\t\t\t<\/div>\n\t\t","protected":false},"excerpt":{"rendered":"<p>Working Spirit\u00ae Kurztest Dieses kurze Quiz mit 17 Fragen gibt Ihnen einen ersten Einblick in Ihre aktuellen Leistungsfaktoren und das Zusammenspiel Ihrer individuellen St\u00e4rken. Es gibt keine richtigen oder falschen Antworten \u2013 z\u00e4hlen Sie auf Ihre Intuition und antworten Sie ehrlich, um eine aussagekr\u00e4ftige Selbsteinsch\u00e4tzung zu erhalten. Legen Sie direkt los und erfahren Sie mehr [&hellip;]<\/p>\n","protected":false},"author":1,"featured_media":0,"parent":0,"menu_order":0,"comment_status":"closed","ping_status":"closed","template":"","meta":{"footnotes":""},"class_list":["post-6571","page","type-page","status-publish","hentry"],"yoast_head":"<!-- This site is optimized with the Yoast SEO Premium plugin v23.8 (Yoast SEO v23.9) - https:\/\/yoast.com\/wordpress\/plugins\/seo\/ -->\n<title>Kurztest - ATES Consulting<\/title>\n<meta name=\"robots\" content=\"index, follow, max-snippet:-1, max-image-preview:large, max-video-preview:-1\" \/>\n<link rel=\"canonical\" href=\"https:\/\/ates.consulting\/de\/kurztest\/\" \/>\n<meta property=\"og:locale\" content=\"de_DE\" \/>\n<meta property=\"og:type\" content=\"article\" \/>\n<meta property=\"og:title\" content=\"Kurztest\" \/>\n<meta property=\"og:description\" content=\"Working Spirit\u00ae Kurztest Dieses kurze Quiz mit 17 Fragen gibt Ihnen einen ersten Einblick in Ihre aktuellen Leistungsfaktoren und das Zusammenspiel Ihrer individuellen St\u00e4rken. Es gibt keine richtigen oder falschen Antworten \u2013 z\u00e4hlen Sie auf Ihre Intuition und antworten Sie ehrlich, um eine aussagekr\u00e4ftige Selbsteinsch\u00e4tzung zu erhalten. Legen Sie direkt los und erfahren Sie mehr [&hellip;]\" \/>\n<meta property=\"og:url\" content=\"https:\/\/ates.consulting\/de\/kurztest\/\" \/>\n<meta property=\"og:site_name\" content=\"ATES Consulting\" \/>\n<meta property=\"article:modified_time\" content=\"2025-02-25T16:28:55+00:00\" \/>\n<meta property=\"og:image\" content=\"https:\/\/ates.consulting\/wp-content\/uploads\/ATES-Consulting-Social-SEO.png\" \/>\n\t<meta property=\"og:image:width\" content=\"1200\" \/>\n\t<meta property=\"og:image:height\" content=\"675\" \/>\n\t<meta property=\"og:image:type\" content=\"image\/png\" \/>\n<meta name=\"twitter:card\" content=\"summary_large_image\" \/>\n<meta name=\"twitter:label1\" content=\"Gesch\u00e4tzte Lesezeit\" \/>\n\t<meta name=\"twitter:data1\" content=\"1\u00a0Minute\" \/>\n<script type=\"application\/ld+json\" class=\"yoast-schema-graph\">{\"@context\":\"https:\/\/schema.org\",\"@graph\":[{\"@type\":\"WebPage\",\"@id\":\"https:\/\/ates.consulting\/de\/kurztest\/\",\"url\":\"https:\/\/ates.consulting\/de\/kurztest\/\",\"name\":\"Kurztest - ATES Consulting\",\"isPartOf\":{\"@id\":\"https:\/\/ates.consulting\/de\/#website\"},\"datePublished\":\"2025-02-24T15:59:37+00:00\",\"dateModified\":\"2025-02-25T16:28:55+00:00\",\"breadcrumb\":{\"@id\":\"https:\/\/ates.consulting\/de\/kurztest\/#breadcrumb\"},\"inLanguage\":\"de\",\"potentialAction\":[{\"@type\":\"ReadAction\",\"target\":[\"https:\/\/ates.consulting\/de\/kurztest\/\"]}]},{\"@type\":\"BreadcrumbList\",\"@id\":\"https:\/\/ates.consulting\/de\/kurztest\/#breadcrumb\",\"itemListElement\":[{\"@type\":\"ListItem\",\"position\":1,\"name\":\"Home\",\"item\":\"https:\/\/ates.consulting\/de\/\"},{\"@type\":\"ListItem\",\"position\":2,\"name\":\"Kurztest\"}]},{\"@type\":\"WebSite\",\"@id\":\"https:\/\/ates.consulting\/de\/#website\",\"url\":\"https:\/\/ates.consulting\/de\/\",\"name\":\"ATES Consulting Group\",\"description\":\"Turning Your Amibition into High Performance Reality - that is our mission. We are ATES, your Remote Consulting Group in the DACH region.\",\"publisher\":{\"@id\":\"https:\/\/ates.consulting\/de\/#organization\"},\"potentialAction\":[{\"@type\":\"SearchAction\",\"target\":{\"@type\":\"EntryPoint\",\"urlTemplate\":\"https:\/\/ates.consulting\/de\/?s={search_term_string}\"},\"query-input\":{\"@type\":\"PropertyValueSpecification\",\"valueRequired\":true,\"valueName\":\"search_term_string\"}}],\"inLanguage\":\"de\"},{\"@type\":\"Organization\",\"@id\":\"https:\/\/ates.consulting\/de\/#organization\",\"name\":\"ATES Consulting Group\",\"url\":\"https:\/\/ates.consulting\/de\/\",\"logo\":{\"@type\":\"ImageObject\",\"inLanguage\":\"de\",\"@id\":\"https:\/\/ates.consulting\/de\/#\/schema\/logo\/image\/\",\"url\":\"https:\/\/ates.consulting\/wp-content\/uploads\/cropped-96024ec1-35ac-47f8-bfaf-562d1ea28cc4.png\",\"contentUrl\":\"https:\/\/ates.consulting\/wp-content\/uploads\/cropped-96024ec1-35ac-47f8-bfaf-562d1ea28cc4.png\",\"width\":1793,\"height\":291,\"caption\":\"ATES Consulting Group\"},\"image\":{\"@id\":\"https:\/\/ates.consulting\/de\/#\/schema\/logo\/image\/\"}}]}<\/script>\n<!-- \/ Yoast SEO Premium plugin. -->","yoast_head_json":{"title":"Kurztest - ATES Consulting","robots":{"index":"index","follow":"follow","max-snippet":"max-snippet:-1","max-image-preview":"max-image-preview:large","max-video-preview":"max-video-preview:-1"},"canonical":"https:\/\/ates.consulting\/de\/kurztest\/","og_locale":"de_DE","og_type":"article","og_title":"Kurztest","og_description":"Working Spirit\u00ae Kurztest Dieses kurze Quiz mit 17 Fragen gibt Ihnen einen ersten Einblick in Ihre aktuellen Leistungsfaktoren und das Zusammenspiel Ihrer individuellen St\u00e4rken. Es gibt keine richtigen oder falschen Antworten \u2013 z\u00e4hlen Sie auf Ihre Intuition und antworten Sie ehrlich, um eine aussagekr\u00e4ftige Selbsteinsch\u00e4tzung zu erhalten. Legen Sie direkt los und erfahren Sie mehr [&hellip;]","og_url":"https:\/\/ates.consulting\/de\/kurztest\/","og_site_name":"ATES Consulting","article_modified_time":"2025-02-25T16:28:55+00:00","og_image":[{"width":1200,"height":675,"url":"https:\/\/ates.consulting\/wp-content\/uploads\/ATES-Consulting-Social-SEO.png","type":"image\/png"}],"twitter_card":"summary_large_image","twitter_misc":{"Gesch\u00e4tzte Lesezeit":"1\u00a0Minute"},"schema":{"@context":"https:\/\/schema.org","@graph":[{"@type":"WebPage","@id":"https:\/\/ates.consulting\/de\/kurztest\/","url":"https:\/\/ates.consulting\/de\/kurztest\/","name":"Kurztest - ATES Consulting","isPartOf":{"@id":"https:\/\/ates.consulting\/de\/#website"},"datePublished":"2025-02-24T15:59:37+00:00","dateModified":"2025-02-25T16:28:55+00:00","breadcrumb":{"@id":"https:\/\/ates.consulting\/de\/kurztest\/#breadcrumb"},"inLanguage":"de","potentialAction":[{"@type":"ReadAction","target":["https:\/\/ates.consulting\/de\/kurztest\/"]}]},{"@type":"BreadcrumbList","@id":"https:\/\/ates.consulting\/de\/kurztest\/#breadcrumb","itemListElement":[{"@type":"ListItem","position":1,"name":"Home","item":"https:\/\/ates.consulting\/de\/"},{"@type":"ListItem","position":2,"name":"Kurztest"}]},{"@type":"WebSite","@id":"https:\/\/ates.consulting\/de\/#website","url":"https:\/\/ates.consulting\/de\/","name":"ATES Consulting Group","description":"Turning Your Amibition into High Performance Reality - that is our mission. We are ATES, your Remote Consulting Group in the DACH region.","publisher":{"@id":"https:\/\/ates.consulting\/de\/#organization"},"potentialAction":[{"@type":"SearchAction","target":{"@type":"EntryPoint","urlTemplate":"https:\/\/ates.consulting\/de\/?s={search_term_string}"},"query-input":{"@type":"PropertyValueSpecification","valueRequired":true,"valueName":"search_term_string"}}],"inLanguage":"de"},{"@type":"Organization","@id":"https:\/\/ates.consulting\/de\/#organization","name":"ATES Consulting Group","url":"https:\/\/ates.consulting\/de\/","logo":{"@type":"ImageObject","inLanguage":"de","@id":"https:\/\/ates.consulting\/de\/#\/schema\/logo\/image\/","url":"https:\/\/ates.consulting\/wp-content\/uploads\/cropped-96024ec1-35ac-47f8-bfaf-562d1ea28cc4.png","contentUrl":"https:\/\/ates.consulting\/wp-content\/uploads\/cropped-96024ec1-35ac-47f8-bfaf-562d1ea28cc4.png","width":1793,"height":291,"caption":"ATES Consulting Group"},"image":{"@id":"https:\/\/ates.consulting\/de\/#\/schema\/logo\/image\/"}}]}},"_links":{"self":[{"href":"https:\/\/ates.consulting\/de\/wp-json\/wp\/v2\/pages\/6571","targetHints":{"allow":["GET"]}}],"collection":[{"href":"https:\/\/ates.consulting\/de\/wp-json\/wp\/v2\/pages"}],"about":[{"href":"https:\/\/ates.consulting\/de\/wp-json\/wp\/v2\/types\/page"}],"author":[{"embeddable":true,"href":"https:\/\/ates.consulting\/de\/wp-json\/wp\/v2\/users\/1"}],"replies":[{"embeddable":true,"href":"https:\/\/ates.consulting\/de\/wp-json\/wp\/v2\/comments?post=6571"}],"version-history":[{"count":28,"href":"https:\/\/ates.consulting\/de\/wp-json\/wp\/v2\/pages\/6571\/revisions"}],"predecessor-version":[{"id":6644,"href":"https:\/\/ates.consulting\/de\/wp-json\/wp\/v2\/pages\/6571\/revisions\/6644"}],"wp:attachment":[{"href":"https:\/\/ates.consulting\/de\/wp-json\/wp\/v2\/media?parent=6571"}],"curies":[{"name":"wp","href":"https:\/\/api.w.org\/{rel}","templated":true}]}}