{"id":2778,"date":"2023-12-18T22:32:01","date_gmt":"2023-12-18T20:32:01","guid":{"rendered":"https:\/\/ates.consulting\/?page_id=2778"},"modified":"2026-01-27T18:31:57","modified_gmt":"2026-01-27T16:31:57","slug":"impressum","status":"publish","type":"page","link":"https:\/\/ates.consulting\/de\/impressum\/","title":{"rendered":"Impressum"},"content":{"rendered":"\t\t<div data-elementor-type=\"wp-page\" data-elementor-id=\"2778\" class=\"elementor elementor-2778\" data-elementor-post-type=\"page\">\n\t\t\t\t<div class=\"elementor-element elementor-element-04a7cfa e-flex e-con-boxed e-con e-parent\" data-id=\"04a7cfa\" data-element_type=\"container\">\n\t\t\t\t\t<div class=\"e-con-inner\">\n\t\t\t\t<div class=\"elementor-element elementor-element-5a5f371 elementor-widget elementor-widget-heading\" data-id=\"5a5f371\" data-element_type=\"widget\" data-widget_type=\"heading.default\">\n\t\t\t\t<div class=\"elementor-widget-container\">\n\t\t\t<h1 class=\"elementor-heading-title elementor-size-default\">Impressum<\/h1>\t\t<\/div>\n\t\t\t\t<\/div>\n\t\t\t\t<div class=\"elementor-element elementor-element-e356909 elementor-widget elementor-widget-heading\" data-id=\"e356909\" data-element_type=\"widget\" data-widget_type=\"heading.default\">\n\t\t\t\t<div class=\"elementor-widget-container\">\n\t\t\t<h2 class=\"elementor-heading-title elementor-size-default\">Angaben gem\u00e4\u00df \u00a75 DDG<\/h2>\t\t<\/div>\n\t\t\t\t<\/div>\n\t\t\t\t<div class=\"elementor-element elementor-element-198403c elementor-widget elementor-widget-text-editor\" data-id=\"198403c\" data-element_type=\"widget\" data-widget_type=\"text-editor.default\">\n\t\t\t\t<div class=\"elementor-widget-container\">\n\t\t\t\t\t\t\t<p><strong>Adresse<\/strong><br \/>ATES DACH GmbH<br \/>Auf Rheinberg 2<br \/>50676 K\u00f6ln<br \/>Deutschland<\/p><p><strong>Kontakt<\/strong><br \/>Telefon Sales Abteilung: +<span data-teams=\"true\">49 221-82829432<\/span><br \/>Telefon Office Abteilung: +<span data-teams=\"true\">49 221-82829434<\/span><br \/>E-Mail: business@ates.consulting<\/p><p><strong>Steuerinformation<\/strong><br \/>Umsatzsteuer-Identifikationsnummer gem\u00e4\u00df \u00a727 a Umsatzsteuergesetz: DE212751374<\/p><p><strong>Haftung f\u00fcr Links<\/strong><br \/>Unser Angebot enth\u00e4lt Links zu externen Websites Dritter, auf deren Inhalte wir keinen Einfluss haben. Deshalb k\u00f6nnen wir f\u00fcr diese fremden Inhalte auch keine Gew\u00e4hr \u00fcbernehmen. F\u00fcr die Inhalte der verlinkten Seiten ist stets der jeweilige Anbieter oder Betreiber der Seiten verantwortlich. Die verlinkten Seiten wurden zum Zeitpunkt der Verlinkung auf m\u00f6gliche Rechtsverst\u00f6\u00dfe \u00fcberpr\u00fcft. Rechtswidrige Inhalte waren zum Zeitpunkt der Verlinkung nicht erkennbar.<br \/>Eine permanente inhaltliche Kontrolle der verlinkten Seiten ist jedoch ohne konkrete Anhaltspunkte einer Rechtsverletzung nicht zumutbar. Bei Bekanntwerden von Rechtsverletzungen werden wir derartige Links umgehend entfernen.<\/p><p><strong>Haftung f\u00fcr Inhalt<\/strong><\/p><p>Als Diensteanbieter sind wir gem\u00e4\u00df \u00a7 7 Abs.1 DDG f\u00fcr eigene Inhalte auf diesen Seiten nach den allgemeinen Gesetzen verantwortlich. Nach \u00a7\u00a7 8 bis 10 DDG sind wir als Diensteanbieter jedoch nicht verpflichtet, \u00fcbermittelte oder gespeicherte fremde Informationen zu \u00fcberwachen oder nach Umst\u00e4nden zu forschen, die auf eine rechtswidrige T\u00e4tigkeit hinweisen.<br \/>Verpflichtungen zur Entfernung oder Sperrung der Nutzung von Informationen nach den allgemeinen Gesetzen bleiben hiervon unber\u00fchrt. Eine diesbez\u00fcgliche Haftung ist jedoch erst ab dem Zeitpunkt der Kenntnis einer konkreten Rechtsverletzung m\u00f6glich. Bei Bekanntwerden von entsprechenden Rechtsverletzungen werden wir diese Inhalte umgehend entfernen.<\/p><p>Vertreten durch: Frau Sevgi Ates<\/p><p>Webdesign &amp; Konzeption: impiSoft Webdesign aus K\u00f6ln<\/p><p><strong>Handelsregister und Registergericht<\/strong><br \/>HRB 34 961, Amtsgericht K\u00f6ln<\/p><p><strong>EU-Streitschlichtung<\/strong><br \/>Die Europ\u00e4ische Kommission stellt eine Plattform zur Online-Streitbeilegung (OS) bereit: https:\/\/ec.europa.eu\/consumers\/odr.<br \/>Unsere E-Mail-Adresse finden Sie oben im Impressum.<\/p><p><strong>Verbraucherstreitbeilegung<\/strong><br \/>Wir sind nicht bereit oder verpflichtet, an Streitbeilegungsverfahren vor einer Verbraucherschlichtungsstelle teilzunehmen.<\/p><p><strong>Urheberrecht<\/strong><br \/>Die durch die Seitenbetreiber erstellten Inhalte und Werke auf diesen Seiten unterliegen dem deutschen Urheberrecht. Die Vervielf\u00e4ltigung, Bearbeitung, Verbreitung und jede Art der Verwertung au\u00dferhalb der Grenzen des Urheberrechtes bed\u00fcrfen der schriftlichen Zustimmung des jeweiligen Autors bzw. Erstellers. Downloads und Kopien dieser Seite sind nur f\u00fcr den privaten, nicht kommerziellen Gebrauch gestattet.<br \/>Soweit die Inhalte auf dieser Seite nicht vom Betreiber erstellt wurden, werden die Urheberrechte Dritter beachtet. Insbesondere werden Inhalte Dritter als solche gekennzeichnet. Sollten Sie trotzdem auf eine Urheberrechtsverletzung aufmerksam werden, bitten wir um einen entsprechenden Hinweis. Bei Bekanntwerden von Rechtsverletzungen werden wir derartige Inhalte umgehend entfernen.<\/p><p><strong>Weiteres<br \/><\/strong>Alle auf dieser Webseite genannten Zahlen sind mit einem Sternchen (*) gekennzeichnet. Diese Zahlen stellen valide und echte Fakten dar. Die Quellen f\u00fcr diese Zahlen k\u00f6nnen bei uns angefragt werden und werden auf Anfrage zur Verf\u00fcgung gestellt. Bitte kontaktieren Sie uns unter business@ates.consulting oder nutzen Sie die im Impressum angegebene E-Mail-Adresse.<\/p>\t\t\t\t\t\t<\/div>\n\t\t\t\t<\/div>\n\t\t\t\t\t<\/div>\n\t\t\t\t<\/div>\n\t\t\t\t<\/div>\n\t\t","protected":false},"excerpt":{"rendered":"<p>Impressum Angaben gem\u00e4\u00df \u00a75 DDG AdresseATES DACH GmbHAuf Rheinberg 250676 K\u00f6lnDeutschland KontaktTelefon Sales Abteilung: +49 221-82829432Telefon Office Abteilung: +49 221-82829434E-Mail: business@ates.consulting SteuerinformationUmsatzsteuer-Identifikationsnummer gem\u00e4\u00df \u00a727 a Umsatzsteuergesetz: DE212751374 Haftung f\u00fcr LinksUnser Angebot enth\u00e4lt Links zu externen Websites Dritter, auf deren Inhalte wir keinen Einfluss haben. Deshalb k\u00f6nnen wir f\u00fcr diese fremden Inhalte auch keine Gew\u00e4hr \u00fcbernehmen. [&hellip;]<\/p>\n","protected":false},"author":1,"featured_media":0,"parent":0,"menu_order":0,"comment_status":"closed","ping_status":"closed","template":"","meta":{"footnotes":""},"class_list":["post-2778","page","type-page","status-publish","hentry"],"yoast_head":"<!-- This site is optimized with the Yoast SEO Premium plugin v23.8 (Yoast SEO v23.9) - https:\/\/yoast.com\/wordpress\/plugins\/seo\/ -->\n<title>Impressum - ATES Consulting<\/title>\n<meta name=\"robots\" content=\"index, follow, max-snippet:-1, max-image-preview:large, max-video-preview:-1\" \/>\n<link rel=\"canonical\" href=\"https:\/\/ates.consulting\/de\/impressum\/\" \/>\n<meta property=\"og:locale\" content=\"de_DE\" \/>\n<meta property=\"og:type\" content=\"article\" \/>\n<meta property=\"og:title\" content=\"Impressum\" \/>\n<meta property=\"og:description\" content=\"Impressum Angaben gem\u00e4\u00df \u00a75 DDG AdresseATES DACH GmbHAuf Rheinberg 250676 K\u00f6lnDeutschland KontaktTelefon Sales Abteilung: +49 221-82829432Telefon Office Abteilung: +49 221-82829434E-Mail: business@ates.consulting SteuerinformationUmsatzsteuer-Identifikationsnummer gem\u00e4\u00df \u00a727 a Umsatzsteuergesetz: DE212751374 Haftung f\u00fcr LinksUnser Angebot enth\u00e4lt Links zu externen Websites Dritter, auf deren Inhalte wir keinen Einfluss haben. Deshalb k\u00f6nnen wir f\u00fcr diese fremden Inhalte auch keine Gew\u00e4hr \u00fcbernehmen. [&hellip;]\" \/>\n<meta property=\"og:url\" content=\"https:\/\/ates.consulting\/de\/impressum\/\" \/>\n<meta property=\"og:site_name\" content=\"ATES Consulting\" \/>\n<meta property=\"article:modified_time\" content=\"2026-01-27T16:31:57+00:00\" \/>\n<meta property=\"og:image\" content=\"https:\/\/ates.consulting\/wp-content\/uploads\/ATES-Consulting-Social-SEO.png\" \/>\n\t<meta property=\"og:image:width\" content=\"1200\" \/>\n\t<meta property=\"og:image:height\" content=\"675\" \/>\n\t<meta property=\"og:image:type\" content=\"image\/png\" \/>\n<meta name=\"twitter:card\" content=\"summary_large_image\" \/>\n<meta name=\"twitter:label1\" content=\"Gesch\u00e4tzte Lesezeit\" \/>\n\t<meta name=\"twitter:data1\" content=\"2\u00a0Minuten\" \/>\n<script type=\"application\/ld+json\" class=\"yoast-schema-graph\">{\"@context\":\"https:\/\/schema.org\",\"@graph\":[{\"@type\":\"WebPage\",\"@id\":\"https:\/\/ates.consulting\/de\/impressum\/\",\"url\":\"https:\/\/ates.consulting\/de\/impressum\/\",\"name\":\"Impressum - ATES Consulting\",\"isPartOf\":{\"@id\":\"https:\/\/ates.consulting\/de\/#website\"},\"datePublished\":\"2023-12-18T20:32:01+00:00\",\"dateModified\":\"2026-01-27T16:31:57+00:00\",\"breadcrumb\":{\"@id\":\"https:\/\/ates.consulting\/de\/impressum\/#breadcrumb\"},\"inLanguage\":\"de\",\"potentialAction\":[{\"@type\":\"ReadAction\",\"target\":[\"https:\/\/ates.consulting\/de\/impressum\/\"]}]},{\"@type\":\"BreadcrumbList\",\"@id\":\"https:\/\/ates.consulting\/de\/impressum\/#breadcrumb\",\"itemListElement\":[{\"@type\":\"ListItem\",\"position\":1,\"name\":\"Home\",\"item\":\"https:\/\/ates.consulting\/de\/\"},{\"@type\":\"ListItem\",\"position\":2,\"name\":\"Impressum\"}]},{\"@type\":\"WebSite\",\"@id\":\"https:\/\/ates.consulting\/de\/#website\",\"url\":\"https:\/\/ates.consulting\/de\/\",\"name\":\"ATES Consulting Group\",\"description\":\"Turning Your Amibition into High Performance Reality - that is our mission. We are ATES, your Remote Consulting Group in the DACH region.\",\"publisher\":{\"@id\":\"https:\/\/ates.consulting\/de\/#organization\"},\"potentialAction\":[{\"@type\":\"SearchAction\",\"target\":{\"@type\":\"EntryPoint\",\"urlTemplate\":\"https:\/\/ates.consulting\/de\/?s={search_term_string}\"},\"query-input\":{\"@type\":\"PropertyValueSpecification\",\"valueRequired\":true,\"valueName\":\"search_term_string\"}}],\"inLanguage\":\"de\"},{\"@type\":\"Organization\",\"@id\":\"https:\/\/ates.consulting\/de\/#organization\",\"name\":\"ATES Consulting Group\",\"url\":\"https:\/\/ates.consulting\/de\/\",\"logo\":{\"@type\":\"ImageObject\",\"inLanguage\":\"de\",\"@id\":\"https:\/\/ates.consulting\/de\/#\/schema\/logo\/image\/\",\"url\":\"https:\/\/ates.consulting\/wp-content\/uploads\/cropped-96024ec1-35ac-47f8-bfaf-562d1ea28cc4.png\",\"contentUrl\":\"https:\/\/ates.consulting\/wp-content\/uploads\/cropped-96024ec1-35ac-47f8-bfaf-562d1ea28cc4.png\",\"width\":1793,\"height\":291,\"caption\":\"ATES Consulting Group\"},\"image\":{\"@id\":\"https:\/\/ates.consulting\/de\/#\/schema\/logo\/image\/\"}}]}<\/script>\n<!-- \/ Yoast SEO Premium plugin. -->","yoast_head_json":{"title":"Impressum - ATES Consulting","robots":{"index":"index","follow":"follow","max-snippet":"max-snippet:-1","max-image-preview":"max-image-preview:large","max-video-preview":"max-video-preview:-1"},"canonical":"https:\/\/ates.consulting\/de\/impressum\/","og_locale":"de_DE","og_type":"article","og_title":"Impressum","og_description":"Impressum Angaben gem\u00e4\u00df \u00a75 DDG AdresseATES DACH GmbHAuf Rheinberg 250676 K\u00f6lnDeutschland KontaktTelefon Sales Abteilung: +49 221-82829432Telefon Office Abteilung: +49 221-82829434E-Mail: business@ates.consulting SteuerinformationUmsatzsteuer-Identifikationsnummer gem\u00e4\u00df \u00a727 a Umsatzsteuergesetz: DE212751374 Haftung f\u00fcr LinksUnser Angebot enth\u00e4lt Links zu externen Websites Dritter, auf deren Inhalte wir keinen Einfluss haben. Deshalb k\u00f6nnen wir f\u00fcr diese fremden Inhalte auch keine Gew\u00e4hr \u00fcbernehmen. [&hellip;]","og_url":"https:\/\/ates.consulting\/de\/impressum\/","og_site_name":"ATES Consulting","article_modified_time":"2026-01-27T16:31:57+00:00","og_image":[{"width":1200,"height":675,"url":"https:\/\/ates.consulting\/wp-content\/uploads\/ATES-Consulting-Social-SEO.png","type":"image\/png"}],"twitter_card":"summary_large_image","twitter_misc":{"Gesch\u00e4tzte Lesezeit":"2\u00a0Minuten"},"schema":{"@context":"https:\/\/schema.org","@graph":[{"@type":"WebPage","@id":"https:\/\/ates.consulting\/de\/impressum\/","url":"https:\/\/ates.consulting\/de\/impressum\/","name":"Impressum - ATES Consulting","isPartOf":{"@id":"https:\/\/ates.consulting\/de\/#website"},"datePublished":"2023-12-18T20:32:01+00:00","dateModified":"2026-01-27T16:31:57+00:00","breadcrumb":{"@id":"https:\/\/ates.consulting\/de\/impressum\/#breadcrumb"},"inLanguage":"de","potentialAction":[{"@type":"ReadAction","target":["https:\/\/ates.consulting\/de\/impressum\/"]}]},{"@type":"BreadcrumbList","@id":"https:\/\/ates.consulting\/de\/impressum\/#breadcrumb","itemListElement":[{"@type":"ListItem","position":1,"name":"Home","item":"https:\/\/ates.consulting\/de\/"},{"@type":"ListItem","position":2,"name":"Impressum"}]},{"@type":"WebSite","@id":"https:\/\/ates.consulting\/de\/#website","url":"https:\/\/ates.consulting\/de\/","name":"ATES Consulting Group","description":"Turning Your Amibition into High Performance Reality - that is our mission. We are ATES, your Remote Consulting Group in the DACH region.","publisher":{"@id":"https:\/\/ates.consulting\/de\/#organization"},"potentialAction":[{"@type":"SearchAction","target":{"@type":"EntryPoint","urlTemplate":"https:\/\/ates.consulting\/de\/?s={search_term_string}"},"query-input":{"@type":"PropertyValueSpecification","valueRequired":true,"valueName":"search_term_string"}}],"inLanguage":"de"},{"@type":"Organization","@id":"https:\/\/ates.consulting\/de\/#organization","name":"ATES Consulting Group","url":"https:\/\/ates.consulting\/de\/","logo":{"@type":"ImageObject","inLanguage":"de","@id":"https:\/\/ates.consulting\/de\/#\/schema\/logo\/image\/","url":"https:\/\/ates.consulting\/wp-content\/uploads\/cropped-96024ec1-35ac-47f8-bfaf-562d1ea28cc4.png","contentUrl":"https:\/\/ates.consulting\/wp-content\/uploads\/cropped-96024ec1-35ac-47f8-bfaf-562d1ea28cc4.png","width":1793,"height":291,"caption":"ATES Consulting Group"},"image":{"@id":"https:\/\/ates.consulting\/de\/#\/schema\/logo\/image\/"}}]}},"_links":{"self":[{"href":"https:\/\/ates.consulting\/de\/wp-json\/wp\/v2\/pages\/2778","targetHints":{"allow":["GET"]}}],"collection":[{"href":"https:\/\/ates.consulting\/de\/wp-json\/wp\/v2\/pages"}],"about":[{"href":"https:\/\/ates.consulting\/de\/wp-json\/wp\/v2\/types\/page"}],"author":[{"embeddable":true,"href":"https:\/\/ates.consulting\/de\/wp-json\/wp\/v2\/users\/1"}],"replies":[{"embeddable":true,"href":"https:\/\/ates.consulting\/de\/wp-json\/wp\/v2\/comments?post=2778"}],"version-history":[{"count":28,"href":"https:\/\/ates.consulting\/de\/wp-json\/wp\/v2\/pages\/2778\/revisions"}],"predecessor-version":[{"id":7471,"href":"https:\/\/ates.consulting\/de\/wp-json\/wp\/v2\/pages\/2778\/revisions\/7471"}],"wp:attachment":[{"href":"https:\/\/ates.consulting\/de\/wp-json\/wp\/v2\/media?parent=2778"}],"curies":[{"name":"wp","href":"https:\/\/api.w.org\/{rel}","templated":true}]}}